{"id":38,"date":"2022-02-15T10:43:09","date_gmt":"2022-02-15T10:43:09","guid":{"rendered":"http:\/\/geostratum.se\/?page_id=38"},"modified":"2022-04-29T06:04:16","modified_gmt":"2022-04-29T06:04:16","slug":"hem","status":"publish","type":"page","link":"https:\/\/geostratum.se\/","title":{"rendered":"Geoteknik"},"content":{"rendered":"\n<div class=\"wp-block-group is-layout-constrained wp-container-core-group-is-layout-82b7a7c7 wp-block-group-is-layout-constrained\" style=\"padding-top:0px;padding-right:0px;padding-bottom:0px;padding-left:0px\">\n<h1 class=\"has-text-align-center wp-block-heading\" id=\"geoteknik\">Geoteknik<\/h1>\n\n\n\n<div class=\"wp-block-image is-style-rounded\"><figure class=\"aligncenter is-resized\"><img loading=\"lazy\" decoding=\"async\" src=\"http:\/\/geostratum.se\/wp-content\/uploads\/2022\/02\/rails-6915649_1920-2-1024x683.jpg\" alt=\"\" class=\"wp-image-83\" width=\"729\" height=\"486\" srcset=\"https:\/\/geostratum.se\/wp-content\/uploads\/2022\/02\/rails-6915649_1920-2-1024x683.jpg 1024w, https:\/\/geostratum.se\/wp-content\/uploads\/2022\/02\/rails-6915649_1920-2-300x200.jpg 300w, https:\/\/geostratum.se\/wp-content\/uploads\/2022\/02\/rails-6915649_1920-2-768x512.jpg 768w, https:\/\/geostratum.se\/wp-content\/uploads\/2022\/02\/rails-6915649_1920-2-1536x1024.jpg 1536w, https:\/\/geostratum.se\/wp-content\/uploads\/2022\/02\/rails-6915649_1920-2.jpg 1920w\" sizes=\"auto, (max-width: 729px) 100vw, 729px\" \/><figcaption><mark style=\"background-color:rgba(0, 0, 0, 0)\" class=\"has-inline-color has-background-color\">Geoteknik i alla skeden &#8211; Husbyggnad, industrianl\u00e4ggning, infrastruktur och mycket mer<\/mark><\/figcaption><\/figure><\/div>\n\n\n\n<p class=\"has-text-align-left\">Geostratum hj\u00e4lper privatpersoner och f\u00f6retag med geotekniska utredningar fr\u00e5n tidiga skeden till bygghandling. Vi planerar och samordnar erfordrade f\u00e4ltinsatser, kartl\u00e4gger\/modellerar de geotekniska f\u00f6rh\u00e5llandena och f\u00f6resl\u00e5r eventuella \u00e5tg\u00e4rder f\u00f6r att m\u00f6jligg\u00f6ra planerad byggnation.<\/p>\n\n\n\n<p>Vi utf\u00f6r geotekniska ber\u00e4kningar (sl\u00e4ntstabilitet, s\u00e4ttningar, b\u00e4righet osv.) och v\u00e4ljer, i n\u00e4ra samr\u00e5d med kunden, den l\u00e4mpligaste \u00e5tg\u00e4rden f\u00f6r det aktuella projektet.<\/p>\n\n\n\n<p class=\"has-text-align-left\">Baserat p\u00e5 ovanst\u00e5ende uppr\u00e4ttas:<\/p>\n\n\n\n<ul class=\"wp-block-list\"><li>MUR (markteknisk unders\u00f6kningsrapport) inkl. ritningar<\/li><li>PM <\/li><li>Kontrollprogram <\/li><li>F\u00f6rslag p\u00e5 fortsatt utredning <\/li><\/ul>\n\n\n\n<p class=\"has-text-align-left\">Vi bist\u00e5r med b\u00e5de kortare inspel och mer \u00f6vergripande insatser i sm\u00e5 som stora projekt. <\/p>\n\n\n\n<p> <\/p>\n\n\n\n<h1 class=\"has-text-align-center wp-block-heading\" id=\"utveckling\">Utveckling<\/h1>\n\n\n\n<div class=\"wp-block-image is-style-rounded\"><figure class=\"aligncenter size-full is-resized\"><img loading=\"lazy\" decoding=\"async\" src=\"http:\/\/geostratum.se\/wp-content\/uploads\/2022\/04\/asd.png\" alt=\"\" class=\"wp-image-156\" width=\"747\" height=\"552\" srcset=\"https:\/\/geostratum.se\/wp-content\/uploads\/2022\/04\/asd.png 972w, https:\/\/geostratum.se\/wp-content\/uploads\/2022\/04\/asd-300x222.png 300w, https:\/\/geostratum.se\/wp-content\/uploads\/2022\/04\/asd-768x569.png 768w\" sizes=\"auto, (max-width: 747px) 100vw, 747px\" \/><figcaption><mark style=\"background-color:rgba(0, 0, 0, 0)\" class=\"has-inline-color has-background-color\">Effektiv handl\u00e4ggning med interaktiva programvaror <\/mark><\/figcaption><\/figure><\/div>\n\n\n\n<p class=\"has-text-align-center\">Geostratum arbetar kontinuerligt med teknikutveckling i syfte att reducera handl\u00e4ggningstider samt att f\u00f6rb\u00e4ttra sp\u00e5rbarhet, transparens och kvalitetss\u00e4kring i sm\u00e5 som stora projekt. Geostratum utvecklar bl.a. programvaror inom geoteknik f\u00f6r modellering av jordlager samt ber\u00e4kningsmoduler som \u00e4r direkt integrerade med dessa. Ser du eller ditt f\u00f6retag behov av tekniska l\u00f6sningar eller har ni id\u00e9er som v\u00e4ntar p\u00e5 att bli realiserade, tveka inte att h\u00f6ra av er s\u00e5 diskuterar vi n\u00e4rmare!<\/p>\n<\/div>\n\n\n\n<p><\/p>\n","protected":false},"excerpt":{"rendered":"<p>Geoteknik Geostratum hj\u00e4lper privatpersoner och f\u00f6retag med geotekniska utredningar fr\u00e5n tidiga skeden till bygghandling. Vi planerar och samordnar erfordrade f\u00e4ltinsatser, kartl\u00e4gger\/modellerar de geotekniska f\u00f6rh\u00e5llandena och f\u00f6resl\u00e5r eventuella \u00e5tg\u00e4rder f\u00f6r att m\u00f6jligg\u00f6ra planerad byggnation. Vi utf\u00f6r geotekniska ber\u00e4kningar (sl\u00e4ntstabilitet, s\u00e4ttningar, b\u00e4righet osv.) och v\u00e4ljer, i n\u00e4ra samr\u00e5d med kunden, den l\u00e4mpligaste \u00e5tg\u00e4rden f\u00f6r det aktuella projektet. [&hellip;]<\/p>\n","protected":false},"author":1,"featured_media":0,"parent":0,"menu_order":0,"comment_status":"closed","ping_status":"closed","template":"","meta":{"_monsterinsights_skip_tracking":false,"_monsterinsights_sitenote_active":false,"_monsterinsights_sitenote_note":"","_monsterinsights_sitenote_category":0,"footnotes":""},"class_list":["post-38","page","type-page","status-publish","hentry"],"yoast_head":"<!-- This site is optimized with the Yoast SEO plugin v18.5.1 - https:\/\/yoast.com\/wordpress\/plugins\/seo\/ -->\n<title>Geoteknik - Geoteknik<\/title>\n<meta name=\"description\" content=\"Geoteknik - handl\u00e4ggning, f\u00e4ltplanering\/samordning, ber\u00e4kningar, dimensionering, teknikutveckling och mycket mer!\" \/>\n<meta name=\"robots\" content=\"index, follow, max-snippet:-1, max-image-preview:large, max-video-preview:-1\" \/>\n<link rel=\"canonical\" href=\"https:\/\/geostratum.se\/\" \/>\n<meta property=\"og:locale\" content=\"sv_SE\" \/>\n<meta property=\"og:type\" content=\"article\" \/>\n<meta property=\"og:title\" content=\"Geoteknik - Geoteknik\" \/>\n<meta property=\"og:description\" content=\"Geoteknik - handl\u00e4ggning, f\u00e4ltplanering\/samordning, ber\u00e4kningar, dimensionering, teknikutveckling och mycket mer!\" \/>\n<meta property=\"og:url\" content=\"https:\/\/geostratum.se\/\" \/>\n<meta property=\"og:site_name\" content=\"Geoteknik\" \/>\n<meta property=\"article:modified_time\" content=\"2022-04-29T06:04:16+00:00\" \/>\n<meta property=\"og:image\" content=\"http:\/\/geostratum.se\/wp-content\/uploads\/2022\/02\/rails-6915649_1920-2-1024x683.jpg\" \/>\n<meta name=\"twitter:card\" content=\"summary_large_image\" \/>\n<meta name=\"twitter:label1\" content=\"Ber\u00e4knad l\u00e4stid\" \/>\n\t<meta name=\"twitter:data1\" content=\"2 minuter\" \/>\n<script type=\"application\/ld+json\" class=\"yoast-schema-graph\">{\"@context\":\"https:\/\/schema.org\",\"@graph\":[{\"@type\":\"WebSite\",\"@id\":\"https:\/\/geostratum.se\/#website\",\"url\":\"https:\/\/geostratum.se\/\",\"name\":\"Geoteknik\",\"description\":\"Geoteknik, J\u00e4mtland, \u00d6stersund, Civilingenj\u00f6r\",\"potentialAction\":[{\"@type\":\"SearchAction\",\"target\":{\"@type\":\"EntryPoint\",\"urlTemplate\":\"https:\/\/geostratum.se\/?s={search_term_string}\"},\"query-input\":\"required name=search_term_string\"}],\"inLanguage\":\"sv-SE\"},{\"@type\":\"ImageObject\",\"@id\":\"https:\/\/geostratum.se\/#primaryimage\",\"inLanguage\":\"sv-SE\",\"url\":\"https:\/\/geostratum.se\/wp-content\/uploads\/2022\/02\/rails-6915649_1920-2.jpg\",\"contentUrl\":\"https:\/\/geostratum.se\/wp-content\/uploads\/2022\/02\/rails-6915649_1920-2.jpg\",\"width\":1920,\"height\":1280},{\"@type\":\"WebPage\",\"@id\":\"https:\/\/geostratum.se\/#webpage\",\"url\":\"https:\/\/geostratum.se\/\",\"name\":\"Geoteknik - Geoteknik\",\"isPartOf\":{\"@id\":\"https:\/\/geostratum.se\/#website\"},\"primaryImageOfPage\":{\"@id\":\"https:\/\/geostratum.se\/#primaryimage\"},\"datePublished\":\"2022-02-15T10:43:09+00:00\",\"dateModified\":\"2022-04-29T06:04:16+00:00\",\"description\":\"Geoteknik - handl\u00e4ggning, f\u00e4ltplanering\/samordning, ber\u00e4kningar, dimensionering, teknikutveckling och mycket mer!\",\"breadcrumb\":{\"@id\":\"https:\/\/geostratum.se\/#breadcrumb\"},\"inLanguage\":\"sv-SE\",\"potentialAction\":[{\"@type\":\"ReadAction\",\"target\":[\"https:\/\/geostratum.se\/\"]}]},{\"@type\":\"BreadcrumbList\",\"@id\":\"https:\/\/geostratum.se\/#breadcrumb\",\"itemListElement\":[{\"@type\":\"ListItem\",\"position\":1,\"name\":\"Hem\",\"item\":\"https:\/\/geostratum.se\/\"},{\"@type\":\"ListItem\",\"position\":2,\"name\":\"Geoteknik\"}]}]}<\/script>\n<!-- \/ Yoast SEO plugin. -->","yoast_head_json":{"title":"Geoteknik - Geoteknik","description":"Geoteknik - handl\u00e4ggning, f\u00e4ltplanering\/samordning, ber\u00e4kningar, dimensionering, teknikutveckling och mycket mer!","robots":{"index":"index","follow":"follow","max-snippet":"max-snippet:-1","max-image-preview":"max-image-preview:large","max-video-preview":"max-video-preview:-1"},"canonical":"https:\/\/geostratum.se\/","og_locale":"sv_SE","og_type":"article","og_title":"Geoteknik - Geoteknik","og_description":"Geoteknik - handl\u00e4ggning, f\u00e4ltplanering\/samordning, ber\u00e4kningar, dimensionering, teknikutveckling och mycket mer!","og_url":"https:\/\/geostratum.se\/","og_site_name":"Geoteknik","article_modified_time":"2022-04-29T06:04:16+00:00","og_image":[{"url":"http:\/\/geostratum.se\/wp-content\/uploads\/2022\/02\/rails-6915649_1920-2-1024x683.jpg"}],"twitter_card":"summary_large_image","twitter_misc":{"Ber\u00e4knad l\u00e4stid":"2 minuter"},"schema":{"@context":"https:\/\/schema.org","@graph":[{"@type":"WebSite","@id":"https:\/\/geostratum.se\/#website","url":"https:\/\/geostratum.se\/","name":"Geoteknik","description":"Geoteknik, J\u00e4mtland, \u00d6stersund, Civilingenj\u00f6r","potentialAction":[{"@type":"SearchAction","target":{"@type":"EntryPoint","urlTemplate":"https:\/\/geostratum.se\/?s={search_term_string}"},"query-input":"required name=search_term_string"}],"inLanguage":"sv-SE"},{"@type":"ImageObject","@id":"https:\/\/geostratum.se\/#primaryimage","inLanguage":"sv-SE","url":"https:\/\/geostratum.se\/wp-content\/uploads\/2022\/02\/rails-6915649_1920-2.jpg","contentUrl":"https:\/\/geostratum.se\/wp-content\/uploads\/2022\/02\/rails-6915649_1920-2.jpg","width":1920,"height":1280},{"@type":"WebPage","@id":"https:\/\/geostratum.se\/#webpage","url":"https:\/\/geostratum.se\/","name":"Geoteknik - Geoteknik","isPartOf":{"@id":"https:\/\/geostratum.se\/#website"},"primaryImageOfPage":{"@id":"https:\/\/geostratum.se\/#primaryimage"},"datePublished":"2022-02-15T10:43:09+00:00","dateModified":"2022-04-29T06:04:16+00:00","description":"Geoteknik - handl\u00e4ggning, f\u00e4ltplanering\/samordning, ber\u00e4kningar, dimensionering, teknikutveckling och mycket mer!","breadcrumb":{"@id":"https:\/\/geostratum.se\/#breadcrumb"},"inLanguage":"sv-SE","potentialAction":[{"@type":"ReadAction","target":["https:\/\/geostratum.se\/"]}]},{"@type":"BreadcrumbList","@id":"https:\/\/geostratum.se\/#breadcrumb","itemListElement":[{"@type":"ListItem","position":1,"name":"Hem","item":"https:\/\/geostratum.se\/"},{"@type":"ListItem","position":2,"name":"Geoteknik"}]}]}},"_links":{"self":[{"href":"https:\/\/geostratum.se\/index.php\/wp-json\/wp\/v2\/pages\/38","targetHints":{"allow":["GET"]}}],"collection":[{"href":"https:\/\/geostratum.se\/index.php\/wp-json\/wp\/v2\/pages"}],"about":[{"href":"https:\/\/geostratum.se\/index.php\/wp-json\/wp\/v2\/types\/page"}],"author":[{"embeddable":true,"href":"https:\/\/geostratum.se\/index.php\/wp-json\/wp\/v2\/users\/1"}],"replies":[{"embeddable":true,"href":"https:\/\/geostratum.se\/index.php\/wp-json\/wp\/v2\/comments?post=38"}],"version-history":[{"count":45,"href":"https:\/\/geostratum.se\/index.php\/wp-json\/wp\/v2\/pages\/38\/revisions"}],"predecessor-version":[{"id":181,"href":"https:\/\/geostratum.se\/index.php\/wp-json\/wp\/v2\/pages\/38\/revisions\/181"}],"wp:attachment":[{"href":"https:\/\/geostratum.se\/index.php\/wp-json\/wp\/v2\/media?parent=38"}],"curies":[{"name":"wp","href":"https:\/\/api.w.org\/{rel}","templated":true}]}}